{"id":194,"date":"2019-01-16T21:03:54","date_gmt":"2019-01-16T21:03:54","guid":{"rendered":"http:\/\/chummulti.ch\/?page_id=194"},"modified":"2026-04-15T09:29:22","modified_gmt":"2026-04-15T07:29:22","slug":"trekking","status":"publish","type":"page","link":"https:\/\/chummulti.ch\/gb\/trekking\/","title":{"rendered":"Trekking"},"content":{"rendered":"\n<p>Mit den Geissen unternehmen wir von Mai bis Oktober Wanderungen in der Aletsch-Arena. Vom &#8220;Geiss\u00e4 weid\u00e4\/Spaziergang&#8221; f\u00fcr j\u00fcngere Kinder bis zu mehrt\u00e4gigen Touren mit \u00dcbernachtung im Biwak. Eine Tour mit Geissen wird zum eindr\u00fccklichen, unvergesslichen Erlebnis in einer Umgebung voller 4-Tausender und dem grossen Aletschgletscher.<\/p>\n\n\n\n<p>Geissen entschleunigen enorm. Finden sie ein Leckerli am Wegesrand gibt es einen Halt. Sie sind aber auch ausdauernde L\u00e4ufer und ausserordentlich Trittsicher. F\u00fchrt der Weg durch ein Dorf (Betten\/Bettmeralp) m\u00fcssen wir sie f\u00fchren um ein gewisses Tempo beizubehalten. Ansonsten leiden die G\u00e4rten und Blument\u00f6pfe am Wegrand.<\/p>\n\n\n\n<p>Die kleinen Touren sind eher gem\u00fctlich, bewegen sich maximal um die +\/- 250 H\u00f6henmeter und sind f\u00fcr Kinder ab 6 Jahren machbar. Die grossen Touren beinhalten Aufstiege bis zu 900 H\u00f6henmeter wobei die Aufstiege mehr oder weniger am Anfang der Tour erfolgen. Nachher geht es eher gem\u00fctlich weiter bzw. wieder hinunter. <\/p>\n\n\n\n<p>Bei den 2-t\u00e4gigen Touren sind Varianten f\u00fcr laufgewohnte Kinder ebenso dabei wie sportliche Aufstiege zur Riederfurka oder M\u00e4rjelen. Ein paar Tipps zum <a href=\"https:\/\/chummulti.ch\/trekking\/biwak-mit-geissen\/\" data-type=\"page\" data-id=\"877\">&#8220;Biwak mit Geissen&#8221;<\/a> findet ihr hier.<\/p>\n\n\n\n<p>Alle Touren k\u00f6nnen individuell gestaltet werden. Dabei ber\u00fccksichtigen wir, welche Matten nicht begangen werden k\u00f6nnen und wo die Geissen erw\u00fcnscht sind. Da die Geissen sich mit Vorliebe \u00fcber Buschwerk hermachen gibts aber gen\u00fcgend Pl\u00e4tze.<\/p>\n\n\n\n<div class=\"wp-block-media-text alignwide is-stacked-on-mobile\"><figure class=\"wp-block-media-text__media\"><img loading=\"lazy\" decoding=\"async\" width=\"2016\" height=\"1512\" src=\"https:\/\/chummulti.ch\/wp-content\/uploads\/04c20e43-9f7b-4b94-b46a-6da9aa930a57.jpg\" alt=\"\" class=\"wp-image-1217 size-full\" srcset=\"https:\/\/chummulti.ch\/wp-content\/uploads\/04c20e43-9f7b-4b94-b46a-6da9aa930a57.jpg 2016w, https:\/\/chummulti.ch\/wp-content\/uploads\/04c20e43-9f7b-4b94-b46a-6da9aa930a57-1024x768.jpg 1024w, https:\/\/chummulti.ch\/wp-content\/uploads\/04c20e43-9f7b-4b94-b46a-6da9aa930a57-768x576.jpg 768w, https:\/\/chummulti.ch\/wp-content\/uploads\/04c20e43-9f7b-4b94-b46a-6da9aa930a57-1536x1152.jpg 1536w\" sizes=\"auto, (max-width: 2016px) 100vw, 2016px\" \/><\/figure><div class=\"wp-block-media-text__content\">\n<p class=\"has-large-font-size\">Maria zum Schnee<\/p>\n\n\n\n<p>Oft f\u00fchrt am Ende der Tour der Weg durch die Bettmeralp (Dorf) und zur ber\u00fchmten Kappelle &#8220;Maria zum Schnee&#8221;, da ist eine Rast fast programmiert. Die Geissen lieben diesen Ort und dort zu ruhen.<\/p>\n<\/div><\/div>\n\n\n\n<p>Alle Preise in CHF.<\/p>\n\n\n\n<table id=\"tablepress-1\" class=\"tablepress tablepress-id-1\">\n<thead>\n<tr class=\"row-1\">\n\t<th colspan=\"2\" class=\"column-1\">Geiss\u00e4 weid\u00e4 \/ Spaziergang<\/th>\n<\/tr>\n<\/thead>\n<tbody class=\"row-striping row-hover\">\n<tr class=\"row-2\">\n\t<td class=\"column-1\">Zielgruppe<\/td><td class=\"column-2\">Familien mit Kindern ab 4 Jahren<\/td>\n<\/tr>\n<tr class=\"row-3\">\n\t<td class=\"column-1\">Dauer<\/td><td class=\"column-2\">10:00 - 14:00 \/ ca. 4h<\/td>\n<\/tr>\n<tr class=\"row-4\">\n\t<td class=\"column-1\">Ausr\u00fcstung<\/td><td class=\"column-2\">Wanderschuhe, lange Hosen, etwas zum Essen und Trinken<\/td>\n<\/tr>\n<tr class=\"row-5\">\n\t<td class=\"column-1\">Anforderunegn<\/td><td class=\"column-2\">keine<\/td>\n<\/tr>\n<tr class=\"row-6\">\n\t<td class=\"column-1\">Tour<\/td><td class=\"column-2\">Verschiedene Optionen<br \/>\n- Panoramaweg<br \/>\n- Richtung Baschweri<br \/>\n- Matten oberhalb Betten<\/td>\n<\/tr>\n<tr class=\"row-7\">\n\t<td class=\"column-1\">Angebot<\/td><td class=\"column-2\">alle Geissen<\/td>\n<\/tr>\n<tr class=\"row-8\">\n\t<td class=\"column-1\">Preis<\/td><td class=\"column-2\">120 (4 Personen), Zus\u00e4tzliche Person: 30, Zus\u00e4tzliches Kind: 15<\/td>\n<\/tr>\n<\/tbody>\n<\/table>\n<!-- #tablepress-1 from cache -->\n\n\n\n<p>Geissen weiden eignet sich besonders f\u00fcr Familien mir j\u00fcngeren Kindern. In sehr gem\u00fctlichem Tempo suchen wir vor allem Pl\u00e4tze mit B\u00fcschen oder Matten oberhalb des Dorfes Betten (Mai, Juni, Oktober) oder Waldpromenade\/Baschweri (Juni-September) auf. Dieser kleine Spaziergang gibt einen guten Einblick in das Wesen der Geissen.<\/p>\n\n\n\n<table id=\"tablepress-2\" class=\"tablepress tablepress-id-2\">\n<thead>\n<tr class=\"row-1\">\n\t<th colspan=\"2\" class=\"column-1\">Kleine Tagestour<\/th>\n<\/tr>\n<\/thead>\n<tbody class=\"row-striping row-hover\">\n<tr class=\"row-2\">\n\t<td class=\"column-1\">Zielgruppe<\/td><td class=\"column-2\">Familien mit Kinder(n) ab 5-6 Jahren<\/td>\n<\/tr>\n<tr class=\"row-3\">\n\t<td class=\"column-1\">Dauer<\/td><td class=\"column-2\">10:00 - 17:00 <\/td>\n<\/tr>\n<tr class=\"row-4\">\n\t<td class=\"column-1\">Ausr\u00fcstung<\/td><td class=\"column-2\">Wanderschuhe, lange Hosen, Proviant<\/td>\n<\/tr>\n<tr class=\"row-5\">\n\t<td class=\"column-1\">Anforderunegn<\/td><td class=\"column-2\">leichte Wanderung<\/td>\n<\/tr>\n<tr class=\"row-6\">\n\t<td class=\"column-1\">Tour<\/td><td class=\"column-2\">Treffpunkt: Schalbbina (ca. 10 Gehminuten von der LSB-Station). Wir durchstreifen die Matten rund um die Bettmeralp.<\/td>\n<\/tr>\n<tr class=\"row-7\">\n\t<td class=\"column-1\">Angebot<\/td><td class=\"column-2\">Alle Geissen <\/td>\n<\/tr>\n<tr class=\"row-8\">\n\t<td class=\"column-1\">Preis<\/td><td class=\"column-2\">180 (4 Personen pauschal), Weitere Person: 30, weiteres Kind: 15<\/td>\n<\/tr>\n<\/tbody>\n<\/table>\n<!-- #tablepress-2 from cache -->\n\n\n\n<p>Die kleine Tour f\u00fchrt uns in die so genannte <em>Voralpe<\/em> (Mai\/Juni) oder \u00fcber Alpmatten rund um die Bettmeralp. Ein herrlicher Weitblick begleitet uns auf Schritt und Tritt. Auch diese Tour eignet sich f\u00fcr j\u00fcngere, laufgewohnte Kinder. Die Geissen sorgen dabei f\u00fcr beste Unterhaltung.<\/p>\n\n\n\n<table id=\"tablepress-3\" class=\"tablepress tablepress-id-3\">\n<thead>\n<tr class=\"row-1\">\n\t<th colspan=\"2\" class=\"column-1\">Grosse Tagestour<\/th>\n<\/tr>\n<\/thead>\n<tbody class=\"row-striping row-hover\">\n<tr class=\"row-2\">\n\t<td class=\"column-1\">Zielgruppe<\/td><td class=\"column-2\">Familien mit Kindern ab 8 Jahren<\/td>\n<\/tr>\n<tr class=\"row-3\">\n\t<td class=\"column-1\">Dauer<\/td><td class=\"column-2\">08:00 - 17:00 \/ ca. 9h<br \/>\nreine Laufzeit ca. 5 -6h<\/td>\n<\/tr>\n<tr class=\"row-4\">\n\t<td class=\"column-1\">Ausr\u00fcstung<\/td><td class=\"column-2\">Wanderschuhe, lange Hosen, etwas zum Essen und Trinken. Gorgo und Lionel tragen auf Wunsch gerne mit (Voranmelden).<\/td>\n<\/tr>\n<tr class=\"row-5\">\n\t<td class=\"column-1\">Anforderunegn<\/td><td class=\"column-2\">Bergwanderung<\/td>\n<\/tr>\n<tr class=\"row-6\">\n\t<td class=\"column-1\">Tour (Variante 1)<\/td><td class=\"column-2\">Treffpunkt: Schalbbina (Bettmeralp, 1850 M\u00fcM) <br \/>\nTour: -> Bettmersee - Biel (2292 M\u00fcM) - Blausee - Bettmeralp (via Kapelle) - Schalbbina<br \/>\nDer Aufstieg geht von Schalbbina bis Biel 450m H\u00f6henmeter embr\u00fcf. Ab Bettmersee sind es Bergwanderwege mit herrlichem Blick auf den grossen Aletsch-Gletscher.<\/td>\n<\/tr>\n<tr class=\"row-7\">\n\t<td class=\"column-1\">Tour (Variante 2)<\/td><td class=\"column-2\">Treffpunkt: Schalbbina (Bettmeralp, 1850 M\u00fcM) <br \/>\nTour: -> Waldpromenade - Zauberwald - Laxerstafel - Laxeralp - Chiebod\u00e4 (2210 M\u00fcM) - B\u00e4ttmerhitta - Baschweri oder Kapelle - Schalbbina<\/td>\n<\/tr>\n<tr class=\"row-8\">\n\t<td class=\"column-1\">Tour (Variante 3)<\/td><td class=\"column-2\">Treffpunkt: Schalbbina (Bettmeralp, 1850 M\u00fcM)<br \/>\nTour: -> Blausee - H\u00e4rdernagrat -Riederfurka - Fleschu - S\u00e4lzg\u00e4b - Scheeboduegg - Bettmeralp - Schalbbina<\/td>\n<\/tr>\n<tr class=\"row-9\">\n\t<td class=\"column-1\">Angebot<\/td><td class=\"column-2\">Alle Geissen<\/td>\n<\/tr>\n<tr class=\"row-10\">\n\t<td class=\"column-1\">Preis<\/td><td class=\"column-2\">250 (4 Personen pauschal), Weitere Person: 30, weiteres Kind: 15<\/td>\n<\/tr>\n<\/tbody>\n<\/table>\n<!-- #tablepress-3 from cache -->\n\n\n\n<p>F\u00fcr die grossen Touren gibt es verschiedene Varianten. Je nach Saison und an Wochenenden sind gewisse Wege etwas \u00fcberbev\u00f6lkert. Das ist auch f\u00fcr die Geissen kein reines Vergn\u00fcgen &#8230;<\/p>\n\n\n\n<table id=\"tablepress-4\" class=\"tablepress tablepress-id-4\" aria-describedby=\"tablepress-4-description\">\n<thead>\n<tr class=\"row-1\">\n\t<th colspan=\"2\" class=\"column-1\">2 Tages-Tour<\/th>\n<\/tr>\n<\/thead>\n<tbody class=\"row-striping row-hover\">\n<tr class=\"row-2\">\n\t<td class=\"column-1\">Zielgruppe<\/td><td class=\"column-2\">Familien mit Kindern ab 10 Jahren. Je nach Marschdistanz ist die Tour mit j\u00fcngeren Kindern machbar.<\/td>\n<\/tr>\n<tr class=\"row-3\">\n\t<td class=\"column-1\">Dauer<\/td><td class=\"column-2\">1. Tag ab 09:00 - 2. Tag retour ca. 17:00<\/td>\n<\/tr>\n<tr class=\"row-4\">\n\t<td class=\"column-1\">Ausr\u00fcstung<\/td><td class=\"column-2\">Wanderschuhe, lange Hosen, Regenschutz, Proviant f\u00fcr 2 Tage, warmer Schlafsack<\/td>\n<\/tr>\n<tr class=\"row-5\">\n\t<td class=\"column-1\">Anforderunegn<\/td><td class=\"column-2\">Bergwanderung<\/td>\n<\/tr>\n<tr class=\"row-6\">\n\t<td class=\"column-1\">Tour<\/td><td class=\"column-2\">Nach Absprache. Z.B. M\u00e4rjelusee (mit Berghaus)<\/td>\n<\/tr>\n<tr class=\"row-7\">\n\t<td class=\"column-1\">Angebot<\/td><td class=\"column-2\">Alle Geissen<\/td>\n<\/tr>\n<tr class=\"row-8\">\n\t<td class=\"column-1\">Preis<\/td><td class=\"column-2\">500 (4 Personen) Zus\u00e4tzliche Person: 60<br \/>\nZus\u00e4tzliches Kind: 30<\/td>\n<\/tr>\n<\/tbody>\n<\/table>\n<span id=\"tablepress-4-description\" class=\"tablepress-table-description tablepress-table-description-id-4\">* Die Tour wird mit den Teilnehmern im voraus besprochen. \u00dcbernachtung im Biwak. Warme Schlafs\u00e4cke  empfohlen. <\/span>\n<!-- #tablepress-4 from cache -->\n\n\n\n<p>Die 2-t\u00e4gige Tour wird jeweils individuell festgelegt. Das biwakieren in freier Natur ist ein ganz besonderes Erlebnis f\u00fcr jung und alt. Zu beachten ist, dass die Temperaturen in h\u00f6heren Lagen auch im August gerne deutlich unter 10\u00b0 fallen.<br>Eine m\u00f6gliche Tourvariante f\u00fchrt uns zur M\u00e4rjelenalp am gleichnamigen See. Hier besteht auch die M\u00f6glichkeit in der <a href=\"https:\/\/www.gletscherstube.ch\/\">Gletscherstube<\/a> zu \u00fcbernachten.<\/p>\n\n\n\n<p>F\u00fcr Fragen benutze bitte untenstehendes Formular oder ruf mich an <br><strong>+41 (0)78 860 61 76<\/strong><\/p>\n\n\n<div class=\"wpforms-container wpforms-container-full wpforms-block wpforms-block-cccbeeb1-a9a9-4c2d-90a1-aae7cc9ab9f0\" id=\"wpforms-871\"><form id=\"wpforms-form-871\" class=\"wpforms-validate wpforms-form\" data-formid=\"871\" method=\"post\" enctype=\"multipart\/form-data\" action=\"\/gb\/wp-json\/wp\/v2\/pages\/194\" data-token=\"13ab9c88285eaa20fd2300a103e56319\" data-token-time=\"1776658013\"><noscript class=\"wpforms-error-noscript\">Please enable JavaScript in your browser to complete this form.<\/noscript><div class=\"wpforms-field-container\"><div id=\"wpforms-871-field_0-container\" class=\"wpforms-field wpforms-field-name\" data-field-id=\"0\"><label class=\"wpforms-field-label\">Name <span class=\"wpforms-required-label\">*<\/span><\/label><div class=\"wpforms-field-row wpforms-field-medium\"><div class=\"wpforms-field-row-block wpforms-first wpforms-one-half\"><input type=\"text\" id=\"wpforms-871-field_0\" class=\"wpforms-field-name-first wpforms-field-required\" name=\"wpforms[fields][0][first]\" required><label for=\"wpforms-871-field_0\" class=\"wpforms-field-sublabel after\">First<\/label><\/div><div class=\"wpforms-field-row-block wpforms-one-half\"><input type=\"text\" id=\"wpforms-871-field_0-last\" class=\"wpforms-field-name-last wpforms-field-required\" name=\"wpforms[fields][0][last]\" required><label for=\"wpforms-871-field_0-last\" class=\"wpforms-field-sublabel after\">Last<\/label><\/div><\/div><\/div><div id=\"wpforms-871-field_1-container\" class=\"wpforms-field wpforms-field-email\" data-field-id=\"1\"><label class=\"wpforms-field-label\" for=\"wpforms-871-field_1\">Email <span class=\"wpforms-required-label\">*<\/span><\/label><input type=\"email\" id=\"wpforms-871-field_1\" class=\"wpforms-field-medium wpforms-field-required\" name=\"wpforms[fields][1]\" spellcheck=\"false\" required><\/div><div id=\"wpforms-871-field_3-container\" class=\"wpforms-field wpforms-field-checkbox\" data-field-id=\"3\"><label class=\"wpforms-field-label\">Wir interessieren uns f\u00fcr: <span class=\"wpforms-required-label\">*<\/span><\/label><ul id=\"wpforms-871-field_3\" class=\"wpforms-field-required\"><li class=\"choice-1 depth-1\"><input type=\"checkbox\" id=\"wpforms-871-field_3_1\" name=\"wpforms[fields][3][]\" value=\"Geiss\u00e4 weid\u00e4\" required ><label class=\"wpforms-field-label-inline\" for=\"wpforms-871-field_3_1\">Geiss\u00e4 weid\u00e4<\/label><\/li><li class=\"choice-2 depth-1\"><input type=\"checkbox\" id=\"wpforms-871-field_3_2\" name=\"wpforms[fields][3][]\" value=\"Kleine Tour\" required ><label class=\"wpforms-field-label-inline\" for=\"wpforms-871-field_3_2\">Kleine Tour<\/label><\/li><li class=\"choice-3 depth-1\"><input type=\"checkbox\" id=\"wpforms-871-field_3_3\" name=\"wpforms[fields][3][]\" value=\"Grosse Tour\" required ><label class=\"wpforms-field-label-inline\" for=\"wpforms-871-field_3_3\">Grosse Tour<\/label><\/li><li class=\"choice-4 depth-1\"><input type=\"checkbox\" id=\"wpforms-871-field_3_4\" name=\"wpforms[fields][3][]\" value=\"2 Tage-Tour\" required ><label class=\"wpforms-field-label-inline\" for=\"wpforms-871-field_3_4\">2 Tage-Tour<\/label><\/li><li class=\"choice-5 depth-1\"><input type=\"checkbox\" id=\"wpforms-871-field_3_5\" name=\"wpforms[fields][3][]\" value=\"Individuelle Tour\" required ><label class=\"wpforms-field-label-inline\" for=\"wpforms-871-field_3_5\">Individuelle Tour<\/label><\/li><\/ul><\/div><div id=\"wpforms-871-field_2-container\" class=\"wpforms-field wpforms-field-textarea\" data-field-id=\"2\"><label class=\"wpforms-field-label\" for=\"wpforms-871-field_2\">Fragen zur Tour <span class=\"wpforms-required-label\">*<\/span><\/label><textarea id=\"wpforms-871-field_2\" class=\"wpforms-field-medium wpforms-field-required\" name=\"wpforms[fields][2]\" required><\/textarea><\/div><\/div><!-- .wpforms-field-container -->\r\n\t\t\t<script>\r\n\t\t\tif ( typeof huOptions !== 'undefined' ) {\r\n\t\t\t\tvar huFormData = {\"source\":\"wpforms\",\"id\":871,\"title\":\"Trekking\",\"fields\":{\"subject\":{\"first_name\":\"\",\"last_name\":\"\"}}};\r\n\t\t\t\tvar huFormNode = document.querySelector( '[id=\"wpforms-871\"] form' );\r\n\r\n\t\t\t\tvar firstName = huFormNode.querySelector( 'input.wpforms-field-name-first' );\r\n\t\t\t\tvar lastName = huFormNode.querySelector( 'input.wpforms-field-name-last' );\r\n\r\n\t\t\t\tif ( firstName )\r\n\t\t\t\t\thuFormData['fields']['subject']['first_name'] = firstName.getAttribute( 'name' );\r\n\r\n\t\t\t\tif ( lastName )\r\n\t\t\t\t\thuFormData['fields']['subject']['last_name'] = lastName.getAttribute( 'name' );\r\n\r\n\t\t\t\thuFormData['node'] = huFormNode;\r\n\t\t\t\thuOptions['forms'].push( huFormData );\r\n\t\t\t}\r\n\t\t\t<\/script><div class=\"wpforms-recaptcha-container wpforms-is-recaptcha wpforms-is-recaptcha-type-v3\" ><input type=\"hidden\" name=\"wpforms[recaptcha]\" value=\"\"><\/div><div class=\"wpforms-submit-container\" ><input type=\"hidden\" name=\"wpforms[id]\" value=\"871\"><input type=\"hidden\" name=\"page_title\" value=\"\"><input type=\"hidden\" name=\"page_url\" value=\"https:\/\/chummulti.ch\/gb\/wp-json\/wp\/v2\/pages\/194\"><input type=\"hidden\" name=\"url_referer\" value=\"\"><button type=\"submit\" name=\"wpforms[submit]\" id=\"wpforms-submit-871\" class=\"wpforms-submit\" data-alt-text=\"Sending...\" data-submit-text=\"Submit\" aria-live=\"assertive\" value=\"wpforms-submit\">Submit<\/button><\/div><\/form><\/div>  <!-- .wpforms-container -->","protected":false},"excerpt":{"rendered":"<p>Mit den Geissen unternehmen wir von Mai bis Oktober Wanderungen in der Aletsch-Arena. Vom &#8220;Geiss\u00e4 weid\u00e4\/Spaziergang&#8221; f\u00fcr j\u00fcngere Kinder bis zu mehrt\u00e4gigen Touren mit \u00dcbernachtung im Biwak. Eine Tour mit Geissen wird zum eindr\u00fccklichen, unvergesslichen Erlebnis in einer Umgebung voller 4-Tausender und dem grossen Aletschgletscher. Geissen entschleunigen enorm. Finden sie [&hellip;]<\/p>\n","protected":false},"author":1,"featured_media":447,"parent":0,"menu_order":0,"comment_status":"closed","ping_status":"closed","template":"","meta":{"_bbp_topic_count":0,"_bbp_reply_count":0,"_bbp_total_topic_count":0,"_bbp_total_reply_count":0,"_bbp_voice_count":0,"_bbp_anonymous_reply_count":0,"_bbp_topic_count_hidden":0,"_bbp_reply_count_hidden":0,"_bbp_forum_subforum_count":0,"ngg_post_thumbnail":0,"_themeisle_gutenberg_block_has_review":false,"footnotes":""},"class_list":["post-194","page","type-page","status-publish","has-post-thumbnail","hentry"],"translation":{"provider":"WPGlobus","version":"3.0.2","language":"gb","enabled_languages":["de","gb"],"languages":{"de":{"title":true,"content":true,"excerpt":false},"gb":{"title":false,"content":false,"excerpt":false}}},"_links":{"self":[{"href":"https:\/\/chummulti.ch\/gb\/wp-json\/wp\/v2\/pages\/194","targetHints":{"allow":["GET"]}}],"collection":[{"href":"https:\/\/chummulti.ch\/gb\/wp-json\/wp\/v2\/pages"}],"about":[{"href":"https:\/\/chummulti.ch\/gb\/wp-json\/wp\/v2\/types\/page"}],"author":[{"embeddable":true,"href":"https:\/\/chummulti.ch\/gb\/wp-json\/wp\/v2\/users\/1"}],"replies":[{"embeddable":true,"href":"https:\/\/chummulti.ch\/gb\/wp-json\/wp\/v2\/comments?post=194"}],"version-history":[{"count":58,"href":"https:\/\/chummulti.ch\/gb\/wp-json\/wp\/v2\/pages\/194\/revisions"}],"predecessor-version":[{"id":1814,"href":"https:\/\/chummulti.ch\/gb\/wp-json\/wp\/v2\/pages\/194\/revisions\/1814"}],"wp:featuredmedia":[{"embeddable":true,"href":"https:\/\/chummulti.ch\/gb\/wp-json\/wp\/v2\/media\/447"}],"wp:attachment":[{"href":"https:\/\/chummulti.ch\/gb\/wp-json\/wp\/v2\/media?parent=194"}],"curies":[{"name":"wp","href":"https:\/\/api.w.org\/{rel}","templated":true}]}}