{"id":49,"date":"2018-08-09T19:01:01","date_gmt":"2018-08-09T19:01:01","guid":{"rendered":"http:\/\/chummulti.ch\/?page_id=49"},"modified":"2019-05-06T15:45:36","modified_gmt":"2019-05-06T15:45:36","slug":"chummulti","status":"publish","type":"page","link":"https:\/\/chummulti.ch\/gb\/chummulti\/","title":{"rendered":"Chummulti"},"content":{"rendered":"<p>Eine <em>Chumm\u00e4 <\/em>ist eine Gel\u00e4ndeform. Unser Chummulti ist eine optimale Balance von Licht und Schatten. Sonnenduchfluteter S\u00fcdhang mit\u00a0 Schatten spendenden Eschen. Ein Kratftort mit der N\u00e4he zu Fels und Eis.<\/p>\n<p><img loading=\"lazy\" decoding=\"async\" src=\"http:\/\/chummulti.ch\/wp-content\/uploads\/2018\/08\/IMG_2372-300x225.jpg\" alt=\"\" class=\"size-medium wp-image-20 alignleft\" width=\"300\" height=\"225\" \/><\/p>\n<p>Ab dem ersten Moment sp\u00fcr- und sichtbar ist die Ruhe und Weitsicht des Terrains die einem sofort in seinen Bann nimmt.<\/p>\n","protected":false},"excerpt":{"rendered":"<p>Eine Chumm\u00e4 ist eine Gel\u00e4ndeform. Unser Chummulti ist eine optimale Balance von Licht und Schatten. Sonnenduchfluteter S\u00fcdhang mit\u00a0 Schatten spendenden Eschen. Ein Kratftort mit der N\u00e4he zu Fels und Eis. Ab dem ersten Moment sp\u00fcr- und sichtbar ist die Ruhe und Weitsicht des Terrains die einem sofort in seinen Bann [&hellip;]<\/p>\n","protected":false},"author":1,"featured_media":0,"parent":0,"menu_order":0,"comment_status":"closed","ping_status":"closed","template":"","meta":{"_bbp_topic_count":0,"_bbp_reply_count":0,"_bbp_total_topic_count":0,"_bbp_total_reply_count":0,"_bbp_voice_count":0,"_bbp_anonymous_reply_count":0,"_bbp_topic_count_hidden":0,"_bbp_reply_count_hidden":0,"_bbp_forum_subforum_count":0,"ngg_post_thumbnail":0,"footnotes":""},"class_list":["post-49","page","type-page","status-publish","hentry"],"translation":{"provider":"WPGlobus","version":"3.0.2","language":"gb","enabled_languages":["de","gb"],"languages":{"de":{"title":true,"content":true,"excerpt":false},"gb":{"title":false,"content":false,"excerpt":false}}},"_links":{"self":[{"href":"https:\/\/chummulti.ch\/gb\/wp-json\/wp\/v2\/pages\/49","targetHints":{"allow":["GET"]}}],"collection":[{"href":"https:\/\/chummulti.ch\/gb\/wp-json\/wp\/v2\/pages"}],"about":[{"href":"https:\/\/chummulti.ch\/gb\/wp-json\/wp\/v2\/types\/page"}],"author":[{"embeddable":true,"href":"https:\/\/chummulti.ch\/gb\/wp-json\/wp\/v2\/users\/1"}],"replies":[{"embeddable":true,"href":"https:\/\/chummulti.ch\/gb\/wp-json\/wp\/v2\/comments?post=49"}],"version-history":[{"count":5,"href":"https:\/\/chummulti.ch\/gb\/wp-json\/wp\/v2\/pages\/49\/revisions"}],"predecessor-version":[{"id":313,"href":"https:\/\/chummulti.ch\/gb\/wp-json\/wp\/v2\/pages\/49\/revisions\/313"}],"wp:attachment":[{"href":"https:\/\/chummulti.ch\/gb\/wp-json\/wp\/v2\/media?parent=49"}],"curies":[{"name":"wp","href":"https:\/\/api.w.org\/{rel}","templated":true}]}}