{"id":702,"date":"2020-04-08T15:29:55","date_gmt":"2020-04-08T13:29:55","guid":{"rendered":"http:\/\/chummulti.ch\/?page_id=702"},"modified":"2021-03-12T13:45:03","modified_gmt":"2021-03-12T12:45:03","slug":"beitraege","status":"publish","type":"page","link":"https:\/\/chummulti.ch\/gb\/beitraege\/","title":{"rendered":"Beitr\u00e4ge"},"content":{"rendered":"\n<div class=\"wp-block-themeisle-blocks-advanced-columns has-2-columns has-desktop-equal-layout has-tablet-equal-layout has-mobile-collapsedRows-layout has-default-gap has-vertical-unset\" id=\"wp-block-themeisle-blocks-advanced-columns-e4af7c2a\"><div class=\"wp-block-themeisle-blocks-advanced-columns-overlay\"><\/div><div class=\"innerblocks-wrap\">\n<div class=\"wp-block-themeisle-blocks-advanced-column\" id=\"wp-block-themeisle-blocks-advanced-column-84735c7b\"><div class=\"bdpp-wrap bdpp-lite bdpp-post-grid-wrap bdpp-post-data-wrap bdpp-design-2 bdpp-grid-2  bdpp-clearfix\" id=\"bdpp-post-grid-1\">\r\n\t<div class=\"bdpp-post-grid-inr-wrap bdpp-post-data-inr-wrap bdpp-clearfix\"><div class=\"bdpp-post-grid bdpp-col-2 bdpp-columns bdpp-post-846 bdpp-post-standard bdpp-first bdpp-has-thumb\">\r\n\t<div class=\"bdpp-post-grid-content\">\r\n\t\t\t\t<div class=\"bdpp-post-img-bg\">\r\n\t\t\t<a href=\"https:\/\/chummulti.ch\/gb\/2026\/03\/05\/geissen-spaziergang\/\">\r\n\t\t\t\t<img decoding=\"async\" src=\"https:\/\/chummulti.ch\/wp-content\/uploads\/B0C179D6-AFB4-4257-AA9E-AF7A678FE534.jpg\" class=\"bdpp-img bdpp-post-feat-img\" alt=\"Geissen &#8211; Spaziergang\" \/>\r\n\t\t\t<\/a>\r\n\t\t<\/div>\r\n\t\t\r\n\t\t<div class=\"bdpp-post-margin-content\">\r\n\t\t\t\t\t\t<div class=\"bdpp-post-cats\"><a class=\"bdpp-post-cat-link bdpp-post-cat-6 bdpp-post-cat-neues\" href=\"https:\/\/chummulti.ch\/gb\/category\/neues\/\">Neues<\/a><\/div>\r\n\t\t\t\r\n\t\t\t<h2 class=\"bdpp-post-title\">\r\n\t\t\t\t<a href=\"https:\/\/chummulti.ch\/gb\/2026\/03\/05\/geissen-spaziergang\/\">Geissen &#8211; Spaziergang<\/a>\r\n\t\t\t<\/h2>\r\n\r\n\t\t\t\t\t\t<div class=\"bdpp-post-meta bdpp-post-meta-up\">\r\n\t\t\t\t<span class=\"bdpp-post-meta-data bdpp-post-date\"><i class=\"fa fa-clock-o\"><\/i>05.03.2026<\/span>\t\t\t<\/div>\r\n\t\t\t\t\t\t<div class=\"bdpp-post-content\">\r\n\t\t\t\t<div class=\"bdpp-post-desc\">W\u00e4hrend der ganzen Saison (Dorf und Alpa) findet jeden Mittwoch ein gem\u00fctlicher Spaziergang mit den Geissen statt. Wir haben ein...<\/div>\r\n\t\t\t\t\t\t\t\t\t<a href=\"https:\/\/chummulti.ch\/gb\/2026\/03\/05\/geissen-spaziergang\/\" class=\"bdpp-rdmr-btn\">Read More<\/a>\r\n\t\t\t\t\t\t\t<\/div>\r\n\t\t\t\t\t<\/div>\r\n\t<\/div>\r\n<\/div><div class=\"bdpp-post-grid bdpp-col-2 bdpp-columns bdpp-post-1530 bdpp-post-standard bdpp-has-thumb\">\r\n\t<div class=\"bdpp-post-grid-content\">\r\n\t\t\t\t<div class=\"bdpp-post-img-bg\">\r\n\t\t\t<a href=\"https:\/\/chummulti.ch\/gb\/2026\/03\/05\/ferienspass-2026-jast\/\">\r\n\t\t\t\t<img decoding=\"async\" src=\"https:\/\/chummulti.ch\/wp-content\/uploads\/jast-2026.png\" class=\"bdpp-img bdpp-post-feat-img\" alt=\"Mini-Ferien(s)pass 2026 JAST\" \/>\r\n\t\t\t<\/a>\r\n\t\t<\/div>\r\n\t\t\r\n\t\t<div class=\"bdpp-post-margin-content\">\r\n\t\t\t\t\t\t<div class=\"bdpp-post-cats\"><a class=\"bdpp-post-cat-link bdpp-post-cat-6 bdpp-post-cat-neues\" href=\"https:\/\/chummulti.ch\/gb\/category\/neues\/\">Neues<\/a><\/div>\r\n\t\t\t\r\n\t\t\t<h2 class=\"bdpp-post-title\">\r\n\t\t\t\t<a href=\"https:\/\/chummulti.ch\/gb\/2026\/03\/05\/ferienspass-2026-jast\/\">Mini-Ferien(s)pass 2026 JAST<\/a>\r\n\t\t\t<\/h2>\r\n\r\n\t\t\t\t\t\t<div class=\"bdpp-post-meta bdpp-post-meta-up\">\r\n\t\t\t\t<span class=\"bdpp-post-meta-data bdpp-post-date\"><i class=\"fa fa-clock-o\"><\/i>05.03.2026<\/span>\t\t\t<\/div>\r\n\t\t\t\t\t\t<div class=\"bdpp-post-content\">\r\n\t\t\t\t<div class=\"bdpp-post-desc\"><\/div>\r\n\t\t\t\t\t\t\t\t\t<a href=\"https:\/\/chummulti.ch\/gb\/2026\/03\/05\/ferienspass-2026-jast\/\" class=\"bdpp-rdmr-btn\">Read More<\/a>\r\n\t\t\t\t\t\t\t<\/div>\r\n\t\t\t\t\t<\/div>\r\n\t<\/div>\r\n<\/div><div class=\"bdpp-post-grid bdpp-col-2 bdpp-columns bdpp-post-1629 bdpp-post-standard bdpp-first bdpp-has-thumb\">\r\n\t<div class=\"bdpp-post-grid-content\">\r\n\t\t\t\t<div class=\"bdpp-post-img-bg\">\r\n\t\t\t<a href=\"https:\/\/chummulti.ch\/gb\/2025\/09\/05\/haerzensmaenschae-und-geissae\/\">\r\n\t\t\t\t<img decoding=\"async\" src=\"https:\/\/chummulti.ch\/wp-content\/uploads\/manu-14-640x480.jpeg\" class=\"bdpp-img bdpp-post-feat-img\" alt=\"H\u00e4rzensm\u00e4nsch\u00e4 und -geiss\u00e4\" \/>\r\n\t\t\t<\/a>\r\n\t\t<\/div>\r\n\t\t\r\n\t\t<div class=\"bdpp-post-margin-content\">\r\n\t\t\t\t\t\t<div class=\"bdpp-post-cats\"><a class=\"bdpp-post-cat-link bdpp-post-cat-3 bdpp-post-cat-geissen\" href=\"https:\/\/chummulti.ch\/gb\/category\/geissen\/\">Geissen<\/a> <a class=\"bdpp-post-cat-link bdpp-post-cat-6 bdpp-post-cat-neues\" href=\"https:\/\/chummulti.ch\/gb\/category\/neues\/\">Neues<\/a> <a class=\"bdpp-post-cat-link bdpp-post-cat-10 bdpp-post-cat-geissen-trekking\" href=\"https:\/\/chummulti.ch\/gb\/category\/geissen-trekking\/\">Trekking<\/a><\/div>\r\n\t\t\t\r\n\t\t\t<h2 class=\"bdpp-post-title\">\r\n\t\t\t\t<a href=\"https:\/\/chummulti.ch\/gb\/2025\/09\/05\/haerzensmaenschae-und-geissae\/\">H\u00e4rzensm\u00e4nsch\u00e4 und -geiss\u00e4<\/a>\r\n\t\t\t<\/h2>\r\n\r\n\t\t\t\t\t\t<div class=\"bdpp-post-meta bdpp-post-meta-up\">\r\n\t\t\t\t<span class=\"bdpp-post-meta-data bdpp-post-date\"><i class=\"fa fa-clock-o\"><\/i>05.09.2025<\/span>\t\t\t<\/div>\r\n\t\t\t\t\t\t<div class=\"bdpp-post-content\">\r\n\t\t\t\t<div class=\"bdpp-post-desc\">Underw\u00e4gs mit mini 2 Herzensdame vo d\u00e4 Digicomp uf d\u00e4 Bettmeralp und nat\u00fcrli mit d\u00e4 Rasselbandi. Am Fritig 18.Juli isch...<\/div>\r\n\t\t\t\t\t\t\t\t\t<a href=\"https:\/\/chummulti.ch\/gb\/2025\/09\/05\/haerzensmaenschae-und-geissae\/\" class=\"bdpp-rdmr-btn\">Read More<\/a>\r\n\t\t\t\t\t\t\t<\/div>\r\n\t\t\t\t\t<\/div>\r\n\t<\/div>\r\n<\/div><div class=\"bdpp-post-grid bdpp-col-2 bdpp-columns bdpp-post-1594 bdpp-post-standard bdpp-no-thumb\">\r\n\t<div class=\"bdpp-post-grid-content\">\r\n\t\t\r\n\t\t<div class=\"bdpp-post-margin-content\">\r\n\t\t\t\t\t\t<div class=\"bdpp-post-cats\"><a class=\"bdpp-post-cat-link bdpp-post-cat-3 bdpp-post-cat-geissen\" href=\"https:\/\/chummulti.ch\/gb\/category\/geissen\/\">Geissen<\/a> <a class=\"bdpp-post-cat-link bdpp-post-cat-6 bdpp-post-cat-neues\" href=\"https:\/\/chummulti.ch\/gb\/category\/neues\/\">Neues<\/a><\/div>\r\n\t\t\t\r\n\t\t\t<h2 class=\"bdpp-post-title\">\r\n\t\t\t\t<a href=\"https:\/\/chummulti.ch\/gb\/2025\/06\/29\/rasselbandi\/\">Rasselbandi &amp; Boccherini<\/a>\r\n\t\t\t<\/h2>\r\n\r\n\t\t\t\t\t\t<div class=\"bdpp-post-meta bdpp-post-meta-up\">\r\n\t\t\t\t<span class=\"bdpp-post-meta-data bdpp-post-date\"><i class=\"fa fa-clock-o\"><\/i>29.06.2025<\/span>\t\t\t<\/div>\r\n\t\t\t\t\t\t<div class=\"bdpp-post-content\">\r\n\t\t\t\t<div class=\"bdpp-post-desc\">https:\/\/www.youtube.com\/watch?v=hfYng9sb0Wk<\/div>\r\n\t\t\t\t\t\t\t\t\t<a href=\"https:\/\/chummulti.ch\/gb\/2025\/06\/29\/rasselbandi\/\" class=\"bdpp-rdmr-btn\">Read More<\/a>\r\n\t\t\t\t\t\t\t<\/div>\r\n\t\t\t\t\t<\/div>\r\n\t<\/div>\r\n<\/div><div class=\"bdpp-post-grid bdpp-col-2 bdpp-columns bdpp-post-1556 bdpp-post-standard bdpp-first bdpp-has-thumb\">\r\n\t<div class=\"bdpp-post-grid-content\">\r\n\t\t\t\t<div class=\"bdpp-post-img-bg\">\r\n\t\t\t<a href=\"https:\/\/chummulti.ch\/gb\/2025\/02\/25\/valmira\/\">\r\n\t\t\t\t<img decoding=\"async\" src=\"https:\/\/chummulti.ch\/wp-content\/uploads\/valmira_160225-4032x2268.jpg\" class=\"bdpp-img bdpp-post-feat-img\" alt=\"Valmira\" \/>\r\n\t\t\t<\/a>\r\n\t\t<\/div>\r\n\t\t\r\n\t\t<div class=\"bdpp-post-margin-content\">\r\n\t\t\t\t\t\t<div class=\"bdpp-post-cats\"><a class=\"bdpp-post-cat-link bdpp-post-cat-3 bdpp-post-cat-geissen\" href=\"https:\/\/chummulti.ch\/gb\/category\/geissen\/\">Geissen<\/a><\/div>\r\n\t\t\t\r\n\t\t\t<h2 class=\"bdpp-post-title\">\r\n\t\t\t\t<a href=\"https:\/\/chummulti.ch\/gb\/2025\/02\/25\/valmira\/\">Valmira<\/a>\r\n\t\t\t<\/h2>\r\n\r\n\t\t\t\t\t\t<div class=\"bdpp-post-meta bdpp-post-meta-up\">\r\n\t\t\t\t<span class=\"bdpp-post-meta-data bdpp-post-date\"><i class=\"fa fa-clock-o\"><\/i>25.02.2025<\/span>\t\t\t<\/div>\r\n\t\t\t\t\t\t<div class=\"bdpp-post-content\">\r\n\t\t\t\t<div class=\"bdpp-post-desc\">Das kleine, schwarz-weisse, Gitzi bin ich, Valmira. Geboren am 16. Februar 2025 bin ich das j\u00fcngste Mitglied der Chummulti-Rasselbandi.Gestern sind...<\/div>\r\n\t\t\t\t\t\t\t\t\t<a href=\"https:\/\/chummulti.ch\/gb\/2025\/02\/25\/valmira\/\" class=\"bdpp-rdmr-btn\">Read More<\/a>\r\n\t\t\t\t\t\t\t<\/div>\r\n\t\t\t\t\t<\/div>\r\n\t<\/div>\r\n<\/div><div class=\"bdpp-post-grid bdpp-col-2 bdpp-columns bdpp-post-1430 bdpp-post-standard bdpp-has-thumb\">\r\n\t<div class=\"bdpp-post-grid-content\">\r\n\t\t\t\t<div class=\"bdpp-post-img-bg\">\r\n\t\t\t<a href=\"https:\/\/chummulti.ch\/gb\/2023\/06\/11\/soemmerung-auf-der-bettmeralp\/\">\r\n\t\t\t\t<img decoding=\"async\" src=\"https:\/\/chummulti.ch\/wp-content\/uploads\/IMG_6807-4032x3024.jpg\" class=\"bdpp-img bdpp-post-feat-img\" alt=\"S\u00f6mmerung auf der Bettmeralp\" \/>\r\n\t\t\t<\/a>\r\n\t\t<\/div>\r\n\t\t\r\n\t\t<div class=\"bdpp-post-margin-content\">\r\n\t\t\t\t\t\t<div class=\"bdpp-post-cats\"><a class=\"bdpp-post-cat-link bdpp-post-cat-3 bdpp-post-cat-geissen\" href=\"https:\/\/chummulti.ch\/gb\/category\/geissen\/\">Geissen<\/a> <a class=\"bdpp-post-cat-link bdpp-post-cat-39 bdpp-post-cat-schalbbina\" href=\"https:\/\/chummulti.ch\/gb\/category\/schalbbina\/\">Schalbbina<\/a> <a class=\"bdpp-post-cat-link bdpp-post-cat-10 bdpp-post-cat-geissen-trekking\" href=\"https:\/\/chummulti.ch\/gb\/category\/geissen-trekking\/\">Trekking<\/a><\/div>\r\n\t\t\t\r\n\t\t\t<h2 class=\"bdpp-post-title\">\r\n\t\t\t\t<a href=\"https:\/\/chummulti.ch\/gb\/2023\/06\/11\/soemmerung-auf-der-bettmeralp\/\">S\u00f6mmerung auf der Bettmeralp<\/a>\r\n\t\t\t<\/h2>\r\n\r\n\t\t\t\t\t\t<div class=\"bdpp-post-meta bdpp-post-meta-up\">\r\n\t\t\t\t<span class=\"bdpp-post-meta-data bdpp-post-date\"><i class=\"fa fa-clock-o\"><\/i>11.06.2023<\/span>\t\t\t<\/div>\r\n\t\t\t\t\t\t<div class=\"bdpp-post-content\">\r\n\t\t\t\t<div class=\"bdpp-post-desc\">Nach dem heissen Sommer 2022 in und um Betten, verlagern wir uns ab Juni 2023 auf die Bettmeralp. Die 900...<\/div>\r\n\t\t\t\t\t\t\t\t\t<a href=\"https:\/\/chummulti.ch\/gb\/2023\/06\/11\/soemmerung-auf-der-bettmeralp\/\" class=\"bdpp-rdmr-btn\">Read More<\/a>\r\n\t\t\t\t\t\t\t<\/div>\r\n\t\t\t\t\t<\/div>\r\n\t<\/div>\r\n<\/div><div class=\"bdpp-post-grid bdpp-col-2 bdpp-columns bdpp-post-1327 bdpp-post-standard bdpp-first bdpp-has-thumb\">\r\n\t<div class=\"bdpp-post-grid-content\">\r\n\t\t\t\t<div class=\"bdpp-post-img-bg\">\r\n\t\t\t<a href=\"https:\/\/chummulti.ch\/gb\/2022\/12\/28\/unterwegs-mit-den-geissen-2023\/\">\r\n\t\t\t\t<img decoding=\"async\" src=\"https:\/\/chummulti.ch\/wp-content\/uploads\/IMG_4628.jpg\" class=\"bdpp-img bdpp-post-feat-img\" alt=\"Touren 2026\" \/>\r\n\t\t\t<\/a>\r\n\t\t<\/div>\r\n\t\t\r\n\t\t<div class=\"bdpp-post-margin-content\">\r\n\t\t\t\t\t\t<div class=\"bdpp-post-cats\"><a class=\"bdpp-post-cat-link bdpp-post-cat-6 bdpp-post-cat-neues\" href=\"https:\/\/chummulti.ch\/gb\/category\/neues\/\">Neues<\/a> <a class=\"bdpp-post-cat-link bdpp-post-cat-39 bdpp-post-cat-schalbbina\" href=\"https:\/\/chummulti.ch\/gb\/category\/schalbbina\/\">Schalbbina<\/a> <a class=\"bdpp-post-cat-link bdpp-post-cat-10 bdpp-post-cat-geissen-trekking\" href=\"https:\/\/chummulti.ch\/gb\/category\/geissen-trekking\/\">Trekking<\/a><\/div>\r\n\t\t\t\r\n\t\t\t<h2 class=\"bdpp-post-title\">\r\n\t\t\t\t<a href=\"https:\/\/chummulti.ch\/gb\/2022\/12\/28\/unterwegs-mit-den-geissen-2023\/\">Touren 2026<\/a>\r\n\t\t\t<\/h2>\r\n\r\n\t\t\t\t\t\t<div class=\"bdpp-post-meta bdpp-post-meta-up\">\r\n\t\t\t\t<span class=\"bdpp-post-meta-data bdpp-post-date\"><i class=\"fa fa-clock-o\"><\/i>28.12.2022<\/span>\t\t\t<\/div>\r\n\t\t\t\t\t\t<div class=\"bdpp-post-content\">\r\n\t\t\t\t<div class=\"bdpp-post-desc\">Ab ca. Mitte Juni bis Ende September(?) finden alle Touren ab Schalbbinna (Bettmeralp) statt. Mit j\u00fcngeren Kindern und Geissen unterwegs...<\/div>\r\n\t\t\t\t\t\t\t\t\t<a href=\"https:\/\/chummulti.ch\/gb\/2022\/12\/28\/unterwegs-mit-den-geissen-2023\/\" class=\"bdpp-rdmr-btn\">Read More<\/a>\r\n\t\t\t\t\t\t\t<\/div>\r\n\t\t\t\t\t<\/div>\r\n\t<\/div>\r\n<\/div><div class=\"bdpp-post-grid bdpp-col-2 bdpp-columns bdpp-post-568 bdpp-post-standard bdpp-has-thumb\">\r\n\t<div class=\"bdpp-post-grid-content\">\r\n\t\t\t\t<div class=\"bdpp-post-img-bg\">\r\n\t\t\t<a href=\"https:\/\/chummulti.ch\/gb\/2020\/04\/03\/lionel-der-geissbock\/\">\r\n\t\t\t\t<img decoding=\"async\" src=\"https:\/\/chummulti.ch\/wp-content\/uploads\/DSC_0213.jpg\" class=\"bdpp-img bdpp-post-feat-img\" alt=\"Der Geissbock Lionel\" \/>\r\n\t\t\t<\/a>\r\n\t\t<\/div>\r\n\t\t\r\n\t\t<div class=\"bdpp-post-margin-content\">\r\n\t\t\t\t\t\t<div class=\"bdpp-post-cats\"><a class=\"bdpp-post-cat-link bdpp-post-cat-12 bdpp-post-cat-dae-geissbock-lionel\" href=\"https:\/\/chummulti.ch\/gb\/category\/dae-geissbock-lionel\/\">D\u00e4 Geissbock Lionel<\/a><\/div>\r\n\t\t\t\r\n\t\t\t<h2 class=\"bdpp-post-title\">\r\n\t\t\t\t<a href=\"https:\/\/chummulti.ch\/gb\/2020\/04\/03\/lionel-der-geissbock\/\">Der Geissbock Lionel<\/a>\r\n\t\t\t<\/h2>\r\n\r\n\t\t\t\t\t\t<div class=\"bdpp-post-meta bdpp-post-meta-up\">\r\n\t\t\t\t<span class=\"bdpp-post-meta-data bdpp-post-date\"><i class=\"fa fa-clock-o\"><\/i>03.04.2020<\/span>\t\t\t<\/div>\r\n\t\t\t\t\t\t<div class=\"bdpp-post-content\">\r\n\t\t\t\t<div class=\"bdpp-post-desc\">Sal\u00fc meine Lieben, mein Name ist Lionel. Ich bin ein Geissbock und schon ein Jahr alt. Ich wohne zusammen mit...<\/div>\r\n\t\t\t\t\t\t\t\t\t<a href=\"https:\/\/chummulti.ch\/gb\/2020\/04\/03\/lionel-der-geissbock\/\" class=\"bdpp-rdmr-btn\">Read More<\/a>\r\n\t\t\t\t\t\t\t<\/div>\r\n\t\t\t\t\t<\/div>\r\n\t<\/div>\r\n<\/div><div class=\"bdpp-post-grid bdpp-col-2 bdpp-columns bdpp-post-406 bdpp-post-standard bdpp-first bdpp-has-thumb\">\r\n\t<div class=\"bdpp-post-grid-content\">\r\n\t\t\t\t<div class=\"bdpp-post-img-bg\">\r\n\t\t\t<a href=\"https:\/\/chummulti.ch\/gb\/2019\/08\/26\/riederfurka\/\">\r\n\t\t\t\t<img decoding=\"async\" src=\"http:\/\/chummulti.ch\/wp-content\/uploads\/IMG_0258.jpg\" class=\"bdpp-img bdpp-post-feat-img\" alt=\"Riederfurka\" \/>\r\n\t\t\t<\/a>\r\n\t\t<\/div>\r\n\t\t\r\n\t\t<div class=\"bdpp-post-margin-content\">\r\n\t\t\t\t\t\t<div class=\"bdpp-post-cats\"><a class=\"bdpp-post-cat-link bdpp-post-cat-3 bdpp-post-cat-geissen\" href=\"https:\/\/chummulti.ch\/gb\/category\/geissen\/\">Geissen<\/a> <a class=\"bdpp-post-cat-link bdpp-post-cat-10 bdpp-post-cat-geissen-trekking\" href=\"https:\/\/chummulti.ch\/gb\/category\/geissen-trekking\/\">Trekking<\/a><\/div>\r\n\t\t\t\r\n\t\t\t<h2 class=\"bdpp-post-title\">\r\n\t\t\t\t<a href=\"https:\/\/chummulti.ch\/gb\/2019\/08\/26\/riederfurka\/\">Riederfurka<\/a>\r\n\t\t\t<\/h2>\r\n\r\n\t\t\t\t\t\t<div class=\"bdpp-post-meta bdpp-post-meta-up\">\r\n\t\t\t\t<span class=\"bdpp-post-meta-data bdpp-post-date\"><i class=\"fa fa-clock-o\"><\/i>26.08.2019<\/span>\t\t\t<\/div>\r\n\t\t\t\t\t\t<div class=\"bdpp-post-content\">\r\n\t\t\t\t<div class=\"bdpp-post-desc\">Gestern habe ich mich mit den Geissen auf die Riederfurka gewagt. Rund 16 km und 1700 H\u00f6henmeter lagen vor uns....<\/div>\r\n\t\t\t\t\t\t\t\t\t<a href=\"https:\/\/chummulti.ch\/gb\/2019\/08\/26\/riederfurka\/\" class=\"bdpp-rdmr-btn\">Read More<\/a>\r\n\t\t\t\t\t\t\t<\/div>\r\n\t\t\t\t\t<\/div>\r\n\t<\/div>\r\n<\/div><div class=\"bdpp-post-grid bdpp-col-2 bdpp-columns bdpp-post-165 bdpp-post-standard bdpp-no-thumb\">\r\n\t<div class=\"bdpp-post-grid-content\">\r\n\t\t\r\n\t\t<div class=\"bdpp-post-margin-content\">\r\n\t\t\t\t\t\t<div class=\"bdpp-post-cats\"><a class=\"bdpp-post-cat-link bdpp-post-cat-4 bdpp-post-cat-tipis\" href=\"https:\/\/chummulti.ch\/gb\/category\/tipis\/\">Tipis<\/a><\/div>\r\n\t\t\t\r\n\t\t\t<h2 class=\"bdpp-post-title\">\r\n\t\t\t\t<a href=\"https:\/\/chummulti.ch\/gb\/2018\/12\/19\/ferien-in-der-natur-ubernachten-im-tipi\/\">Ferien in der Natur, \u00fcbernachten im Tipi<\/a>\r\n\t\t\t<\/h2>\r\n\r\n\t\t\t\t\t\t<div class=\"bdpp-post-meta bdpp-post-meta-up\">\r\n\t\t\t\t<span class=\"bdpp-post-meta-data bdpp-post-date\"><i class=\"fa fa-clock-o\"><\/i>19.12.2018<\/span>\t\t\t<\/div>\r\n\t\t\t\t\t\t<div class=\"bdpp-post-content\">\r\n\t\t\t\t<div class=\"bdpp-post-desc\">Eine spezielle Art von\u00a0Camping ist das Wohnen in einem Tipi. Das Tipi ist ein Lebensraum mit hervorragendem Klima, Feuerstelle, Schlaf-...<\/div>\r\n\t\t\t\t\t\t\t\t\t<a href=\"https:\/\/chummulti.ch\/gb\/2018\/12\/19\/ferien-in-der-natur-ubernachten-im-tipi\/\" class=\"bdpp-rdmr-btn\">Read More<\/a>\r\n\t\t\t\t\t\t\t<\/div>\r\n\t\t\t\t\t<\/div>\r\n\t<\/div>\r\n<\/div>\t<\/div>\r\n\t<\/div>\n<\/div>\n\n\n\n<div class=\"wp-block-themeisle-blocks-advanced-column\" id=\"wp-block-themeisle-blocks-advanced-column-02a1a6d7\">\n<figure class=\"wp-block-image size-large\"><img loading=\"lazy\" decoding=\"async\" width=\"2350\" height=\"3024\" src=\"http:\/\/chummulti.ch\/wp-content\/uploads\/geisskopf-transp-2350x3024.png\" alt=\"\" class=\"wp-image-374\" srcset=\"https:\/\/chummulti.ch\/wp-content\/uploads\/geisskopf-transp-2350x3024.png 2350w, https:\/\/chummulti.ch\/wp-content\/uploads\/geisskopf-transp-796x1024.png 796w, https:\/\/chummulti.ch\/wp-content\/uploads\/geisskopf-transp-768x988.png 768w\" sizes=\"auto, (max-width: 2350px) 100vw, 2350px\" \/><\/figure>\n<\/div>\n<\/div><\/div>\n","protected":false},"excerpt":{"rendered":"","protected":false},"author":1,"featured_media":0,"parent":0,"menu_order":0,"comment_status":"closed","ping_status":"closed","template":"","meta":{"_bbp_topic_count":0,"_bbp_reply_count":0,"_bbp_total_topic_count":0,"_bbp_total_reply_count":0,"_bbp_voice_count":0,"_bbp_anonymous_reply_count":0,"_bbp_topic_count_hidden":0,"_bbp_reply_count_hidden":0,"_bbp_forum_subforum_count":0,"ngg_post_thumbnail":0,"footnotes":""},"class_list":["post-702","page","type-page","status-publish","hentry"],"translation":{"provider":"WPGlobus","version":"3.0.2","language":"gb","enabled_languages":["de","gb"],"languages":{"de":{"title":true,"content":true,"excerpt":false},"gb":{"title":false,"content":false,"excerpt":false}}},"_links":{"self":[{"href":"https:\/\/chummulti.ch\/gb\/wp-json\/wp\/v2\/pages\/702","targetHints":{"allow":["GET"]}}],"collection":[{"href":"https:\/\/chummulti.ch\/gb\/wp-json\/wp\/v2\/pages"}],"about":[{"href":"https:\/\/chummulti.ch\/gb\/wp-json\/wp\/v2\/types\/page"}],"author":[{"embeddable":true,"href":"https:\/\/chummulti.ch\/gb\/wp-json\/wp\/v2\/users\/1"}],"replies":[{"embeddable":true,"href":"https:\/\/chummulti.ch\/gb\/wp-json\/wp\/v2\/comments?post=702"}],"version-history":[{"count":8,"href":"https:\/\/chummulti.ch\/gb\/wp-json\/wp\/v2\/pages\/702\/revisions"}],"predecessor-version":[{"id":1093,"href":"https:\/\/chummulti.ch\/gb\/wp-json\/wp\/v2\/pages\/702\/revisions\/1093"}],"wp:attachment":[{"href":"https:\/\/chummulti.ch\/gb\/wp-json\/wp\/v2\/media?parent=702"}],"curies":[{"name":"wp","href":"https:\/\/api.w.org\/{rel}","templated":true}]}}